{"id":1958,"date":"2020-05-07T08:35:38","date_gmt":"2020-05-07T08:35:38","guid":{"rendered":"http:\/\/localhost\/theratio\/?page_id=1958"},"modified":"2023-09-11T13:27:41","modified_gmt":"2023-09-11T12:27:41","slug":"rrethnesh","status":"publish","type":"page","link":"https:\/\/mobileriaxoni.com\/en\/rrethnesh\/","title":{"rendered":"About Us"},"content":{"rendered":"\t\t<div data-elementor-type=\"wp-page\" data-elementor-id=\"1958\" class=\"elementor elementor-1958\" data-elementor-post-type=\"page\">\n\t\t\t\t\t\t\t\t\t<section class=\"elementor-section elementor-top-section elementor-element elementor-element-bdd9939 elementor-section-content-middle elementor-section-boxed elementor-section-height-default elementor-section-height-default\" data-id=\"bdd9939\" data-element_type=\"section\">\n\t\t\t\t\t\t<div class=\"elementor-container elementor-column-gap-extended\">\n\t\t\t\t\t<div class=\"elementor-column elementor-col-50 elementor-top-column elementor-element elementor-element-12b070d ot-flex-column-vertical\" data-id=\"12b070d\" data-element_type=\"column\">\n\t\t\t<div class=\"elementor-widget-wrap elementor-element-populated\">\n\t\t\t\t\t\t\t\t<div class=\"elementor-element elementor-element-ea70568 elementor-widget elementor-widget-image\" data-id=\"ea70568\" data-element_type=\"widget\" data-widget_type=\"image.default\">\n\t\t\t\t<div class=\"elementor-widget-container\">\n\t\t\t<style>\/*! elementor - v3.16.0 - 20-09-2023 *\/\n.elementor-widget-image{text-align:center}.elementor-widget-image a{display:inline-block}.elementor-widget-image a img[src$=\".svg\"]{width:48px}.elementor-widget-image img{vertical-align:middle;display:inline-block}<\/style>\t\t\t\t\t\t\t\t\t\t\t\t<img loading=\"lazy\" decoding=\"async\" width=\"1500\" height=\"1800\" src=\"https:\/\/mobileriaxoni.com\/wp-content\/uploads\/2023\/08\/888.png\" class=\"attachment-full size-full wp-image-4657\" alt=\"\" srcset=\"https:\/\/mobileriaxoni.com\/wp-content\/uploads\/2023\/08\/888.png 1500w, https:\/\/mobileriaxoni.com\/wp-content\/uploads\/2023\/08\/888-250x300.png 250w, https:\/\/mobileriaxoni.com\/wp-content\/uploads\/2023\/08\/888-853x1024.png 853w, https:\/\/mobileriaxoni.com\/wp-content\/uploads\/2023\/08\/888-768x922.png 768w, https:\/\/mobileriaxoni.com\/wp-content\/uploads\/2023\/08\/888-1280x1536.png 1280w\" sizes=\"auto, (max-width: 1500px) 100vw, 1500px\" \/>\t\t\t\t\t\t\t\t\t\t\t\t\t\t\t<\/div>\n\t\t\t\t<\/div>\n\t\t\t\t\t<\/div>\n\t\t<\/div>\n\t\t\t\t<div class=\"elementor-column elementor-col-50 elementor-top-column elementor-element elementor-element-c955026 ot-flex-column-vertical\" data-id=\"c955026\" data-element_type=\"column\">\n\t\t\t<div class=\"elementor-widget-wrap elementor-element-populated\">\n\t\t\t\t\t\t\t\t<div class=\"elementor-element elementor-element-94474d6 elementor-widget elementor-widget-iheading\" data-id=\"94474d6\" data-element_type=\"widget\" data-widget_type=\"iheading.default\">\n\t\t\t\t<div class=\"elementor-widget-container\">\n\t\t\t\t\t<div class=\"ot-heading is-dots\">\r\n\t        \t            <span>Rreth Nesh<\/span>\r\n\t        \t        <h2 class=\"main-heading\">Nj\u00eb Trash\u00ebgimi e Mobiljeve t\u00eb Shk\u00eblqyera<\/h2>\r\n\t        \t    <\/div>\r\n\t    \t\t<\/div>\n\t\t\t\t<\/div>\n\t\t\t\t<div class=\"elementor-element elementor-element-4408703 elementor-widget elementor-widget-text-editor\" data-id=\"4408703\" data-element_type=\"widget\" data-widget_type=\"text-editor.default\">\n\t\t\t\t<div class=\"elementor-widget-container\">\n\t\t\t<style>\/*! elementor - v3.16.0 - 20-09-2023 *\/\n.elementor-widget-text-editor.elementor-drop-cap-view-stacked .elementor-drop-cap{background-color:#69727d;color:#fff}.elementor-widget-text-editor.elementor-drop-cap-view-framed .elementor-drop-cap{color:#69727d;border:3px solid;background-color:transparent}.elementor-widget-text-editor:not(.elementor-drop-cap-view-default) .elementor-drop-cap{margin-top:8px}.elementor-widget-text-editor:not(.elementor-drop-cap-view-default) .elementor-drop-cap-letter{width:1em;height:1em}.elementor-widget-text-editor .elementor-drop-cap{float:left;text-align:center;line-height:1;font-size:50px}.elementor-widget-text-editor .elementor-drop-cap-letter{display:inline-block}<\/style>\t\t\t\t<p>Tek Mobileria XONI, krenohemi me historin\u00eb ton\u00eb t\u00eb pasur dhe ekspertiz\u00ebn n\u00eb krijimin e mobiljeve t\u00eb shk\u00eblqyera. Q\u00eb nga themelimi\u00a0 n\u00eb vitin 1995, kemi qen\u00eb t\u00eb p\u00ebrkushtuar n\u00eb ofrimin e mobiljeve t\u00eb shk\u00eblqyera t\u00eb cil\u00ebsis\u00eb m\u00eb t\u00eb lart\u00eb p\u00ebr klient\u00ebt tan\u00eb t\u00eb \u00e7muar. Gjat\u00eb viteve,\u00a0 kemi arritur t\u00eb b\u00ebhemi nj\u00eb kompani udh\u00ebheq\u00ebse n\u00eb industrin\u00eb e mobiljeve.<\/p>\n<p>Udh\u00ebtimi yn\u00eb nisi me nj\u00eb fabrik\u00eb t\u00eb vog\u00ebl me nj\u00eb sip\u00ebrfaqe prej vet\u00ebm 100m2. Pavar\u00ebsisht hap\u00ebsir\u00ebs s\u00eb kufizuar, stafi jon\u00eb nuk u ndal kurr\u00eb n\u00eb krijimin e mobiljeve t\u00eb jasht\u00ebzakonshme q\u00eb reflektonin p\u00ebrkushtimin ton\u00eb ndaj zanatit dhe v\u00ebmendjes ndaj detajit. P\u00ebrmes pun\u00ebs s\u00eb v\u00ebshtir\u00eb dhe p\u00ebrkushtimit t\u00eb pand\u00ebrprer\u00eb, gradualisht fituam njohje p\u00ebr cil\u00ebsin\u00eb dhe dizajnin ton\u00eb t\u00eb shk\u00eblqyer.<\/p>\n<p>Sot, fabrika jon\u00eb \u00ebsht\u00eb zgjeruar n\u00eb nj\u00eb hap\u00ebsir\u00eb t\u00eb imponueshme prej 1000m2, duke na lejuar t\u00eb p\u00ebrdorim teknika t\u00eb avancuara t\u00eb prodhimit dhe nj\u00eb staf m\u00eb t\u00eb madh e edhe m\u00eb t\u00eb talentuar. Me pajisje t\u00eb avancuara dhe nj\u00eb p\u00ebrkushtim t\u00eb pand\u00ebrprer\u00eb ndaj cil\u00ebsis\u00eb, vazhdojm\u00eb t\u00eb krijojm\u00eb mobilje moderne dhe bashk\u00ebkohore.<\/p>\n<p>Tek Mobileria XONI,ofrojme nj\u00eb gam\u00eb t\u00eb gjer\u00eb koleksionesh t\u00eb mobiljeve q\u00eb i p\u00ebrgjigjen shijeve dhe stileve t\u00eb ndryshme t\u00eb jetes\u00ebs. Pavar\u00ebsisht n\u00ebse k\u00ebrkoni stil klasik ose vepra moderne, koleksioni yn\u00eb i gjer\u00eb siguron se ka di\u00e7ka p\u00ebr \u00e7do person.<\/p>\t\t\t\t\t\t<\/div>\n\t\t\t\t<\/div>\n\t\t\t\t<div class=\"elementor-element elementor-element-f73b984 elementor-widget elementor-widget-ibutton\" data-id=\"f73b984\" data-element_type=\"widget\" data-widget_type=\"ibutton.default\">\n\t\t\t\t<div class=\"elementor-widget-container\">\n\t\t\t\t\t<div class=\"ot-button\">\r\n\t\t\t<a href=\"http:\/\/mobileriaxoni.com\/produktet\" class=\"octf-btn octf-btn-dark\">SHIKO PRODUKTET<\/a>\r\n\t    <\/div>\r\n\t    \t\t<\/div>\n\t\t\t\t<\/div>\n\t\t\t\t\t<\/div>\n\t\t<\/div>\n\t\t\t\t\t\t\t<\/div>\n\t\t<\/section>\n\t\t\t\t\t\t\t<\/div>\n\t\t","protected":false},"excerpt":{"rendered":"<p>Rreth Nesh Nj\u00eb Trash\u00ebgimi e Mobiljeve t\u00eb Shk\u00eblqyera Tek Mobileria XONI, krenohemi me historin\u00eb ton\u00eb t\u00eb pasur dhe ekspertiz\u00ebn n\u00eb krijimin e mobiljeve t\u00eb shk\u00eblqyera. Q\u00eb nga themelimi\u00a0 n\u00eb vitin 1995, kemi qen\u00eb t\u00eb p\u00ebrkushtuar n\u00eb ofrimin e mobiljeve t\u00eb shk\u00eblqyera t\u00eb cil\u00ebsis\u00eb m\u00eb t\u00eb lart\u00eb p\u00ebr klient\u00ebt tan\u00eb t\u00eb \u00e7muar. Gjat\u00eb viteve,\u00a0 kemi arritur [&hellip;]<\/p>\n","protected":false},"author":1,"featured_media":0,"parent":0,"menu_order":0,"comment_status":"closed","ping_status":"closed","template":"","meta":{"footnotes":""},"class_list":["post-1958","page","type-page","status-publish","hentry"],"yoast_head":"<!-- This site is optimized with the Yoast SEO plugin v27.5 - https:\/\/yoast.com\/product\/yoast-seo-wordpress\/ -->\n<title>Rreth Nesh - Mobileria XONI<\/title>\n<meta name=\"robots\" content=\"index, follow, max-snippet:-1, max-image-preview:large, max-video-preview:-1\" \/>\n<link rel=\"canonical\" href=\"https:\/\/mobileriaxoni.com\/en\/rrethnesh\/\" \/>\n<meta property=\"og:locale\" content=\"en_US\" \/>\n<meta property=\"og:type\" content=\"article\" \/>\n<meta property=\"og:title\" content=\"Rreth Nesh - Mobileria XONI\" \/>\n<meta property=\"og:description\" content=\"Rreth Nesh Nj\u00eb Trash\u00ebgimi e Mobiljeve t\u00eb Shk\u00eblqyera Tek Mobileria XONI, krenohemi me historin\u00eb ton\u00eb t\u00eb pasur dhe ekspertiz\u00ebn n\u00eb krijimin e mobiljeve t\u00eb shk\u00eblqyera. Q\u00eb nga themelimi\u00a0 n\u00eb vitin 1995, kemi qen\u00eb t\u00eb p\u00ebrkushtuar n\u00eb ofrimin e mobiljeve t\u00eb shk\u00eblqyera t\u00eb cil\u00ebsis\u00eb m\u00eb t\u00eb lart\u00eb p\u00ebr klient\u00ebt tan\u00eb t\u00eb \u00e7muar. Gjat\u00eb viteve,\u00a0 kemi arritur [&hellip;]\" \/>\n<meta property=\"og:url\" content=\"https:\/\/mobileriaxoni.com\/en\/rrethnesh\/\" \/>\n<meta property=\"og:site_name\" content=\"Mobileria XONI\" \/>\n<meta property=\"article:publisher\" content=\"https:\/\/www.facebook.com\/mobileriaxoni\" \/>\n<meta property=\"article:modified_time\" content=\"2023-09-11T12:27:41+00:00\" \/>\n<meta property=\"og:image\" content=\"https:\/\/mobileriaxoni.com\/wp-content\/uploads\/2023\/08\/888.png\" \/>\n\t<meta property=\"og:image:width\" content=\"1500\" \/>\n\t<meta property=\"og:image:height\" content=\"1800\" \/>\n\t<meta property=\"og:image:type\" content=\"image\/png\" \/>\n<meta name=\"twitter:card\" content=\"summary_large_image\" \/>\n<meta name=\"twitter:label1\" content=\"Est. reading time\" \/>\n\t<meta name=\"twitter:data1\" content=\"1 minute\" \/>\n<script type=\"application\/ld+json\" class=\"yoast-schema-graph\">{\"@context\":\"https:\\\/\\\/schema.org\",\"@graph\":[{\"@type\":\"WebPage\",\"@id\":\"https:\\\/\\\/mobileriaxoni.com\\\/rrethnesh\\\/\",\"url\":\"https:\\\/\\\/mobileriaxoni.com\\\/rrethnesh\\\/\",\"name\":\"Rreth Nesh - Mobileria XONI\",\"isPartOf\":{\"@id\":\"https:\\\/\\\/mobileriaxoni.com\\\/#website\"},\"primaryImageOfPage\":{\"@id\":\"https:\\\/\\\/mobileriaxoni.com\\\/rrethnesh\\\/#primaryimage\"},\"image\":{\"@id\":\"https:\\\/\\\/mobileriaxoni.com\\\/rrethnesh\\\/#primaryimage\"},\"thumbnailUrl\":\"https:\\\/\\\/mobileriaxoni.com\\\/wp-content\\\/uploads\\\/2023\\\/08\\\/888.png\",\"datePublished\":\"2020-05-07T08:35:38+00:00\",\"dateModified\":\"2023-09-11T12:27:41+00:00\",\"breadcrumb\":{\"@id\":\"https:\\\/\\\/mobileriaxoni.com\\\/rrethnesh\\\/#breadcrumb\"},\"inLanguage\":\"en-US\",\"potentialAction\":[{\"@type\":\"ReadAction\",\"target\":[\"https:\\\/\\\/mobileriaxoni.com\\\/rrethnesh\\\/\"]}]},{\"@type\":\"ImageObject\",\"inLanguage\":\"en-US\",\"@id\":\"https:\\\/\\\/mobileriaxoni.com\\\/rrethnesh\\\/#primaryimage\",\"url\":\"https:\\\/\\\/mobileriaxoni.com\\\/wp-content\\\/uploads\\\/2023\\\/08\\\/888.png\",\"contentUrl\":\"https:\\\/\\\/mobileriaxoni.com\\\/wp-content\\\/uploads\\\/2023\\\/08\\\/888.png\"},{\"@type\":\"BreadcrumbList\",\"@id\":\"https:\\\/\\\/mobileriaxoni.com\\\/rrethnesh\\\/#breadcrumb\",\"itemListElement\":[{\"@type\":\"ListItem\",\"position\":1,\"name\":\"Home\",\"item\":\"https:\\\/\\\/mobileriaxoni.com\\\/\"},{\"@type\":\"ListItem\",\"position\":2,\"name\":\"Rreth Nesh\"}]},{\"@type\":\"WebSite\",\"@id\":\"https:\\\/\\\/mobileriaxoni.com\\\/#website\",\"url\":\"https:\\\/\\\/mobileriaxoni.com\\\/\",\"name\":\"Mobileria XONI\",\"description\":\"mobileri,kuzhina,dhoma gjumi,tavolina buke\",\"publisher\":{\"@id\":\"https:\\\/\\\/mobileriaxoni.com\\\/#organization\"},\"potentialAction\":[{\"@type\":\"SearchAction\",\"target\":{\"@type\":\"EntryPoint\",\"urlTemplate\":\"https:\\\/\\\/mobileriaxoni.com\\\/?s={search_term_string}\"},\"query-input\":{\"@type\":\"PropertyValueSpecification\",\"valueRequired\":true,\"valueName\":\"search_term_string\"}}],\"inLanguage\":\"en-US\"},{\"@type\":\"Organization\",\"@id\":\"https:\\\/\\\/mobileriaxoni.com\\\/#organization\",\"name\":\"Mobileria XONI\",\"url\":\"https:\\\/\\\/mobileriaxoni.com\\\/\",\"logo\":{\"@type\":\"ImageObject\",\"inLanguage\":\"en-US\",\"@id\":\"https:\\\/\\\/mobileriaxoni.com\\\/#\\\/schema\\\/logo\\\/image\\\/\",\"url\":\"https:\\\/\\\/mobileriaxoni.com\\\/wp-content\\\/uploads\\\/2023\\\/09\\\/logo2.png\",\"contentUrl\":\"https:\\\/\\\/mobileriaxoni.com\\\/wp-content\\\/uploads\\\/2023\\\/09\\\/logo2.png\",\"width\":1733,\"height\":630,\"caption\":\"Mobileria XONI\"},\"image\":{\"@id\":\"https:\\\/\\\/mobileriaxoni.com\\\/#\\\/schema\\\/logo\\\/image\\\/\"},\"sameAs\":[\"https:\\\/\\\/www.facebook.com\\\/mobileriaxoni\",\"https:\\\/\\\/www.instagram.com\\\/mobileriaxoni\"]}]}<\/script>\n<!-- \/ Yoast SEO plugin. -->","yoast_head_json":{"title":"Rreth Nesh - Mobileria XONI","robots":{"index":"index","follow":"follow","max-snippet":"max-snippet:-1","max-image-preview":"max-image-preview:large","max-video-preview":"max-video-preview:-1"},"canonical":"https:\/\/mobileriaxoni.com\/en\/rrethnesh\/","og_locale":"en_US","og_type":"article","og_title":"Rreth Nesh - Mobileria XONI","og_description":"Rreth Nesh Nj\u00eb Trash\u00ebgimi e Mobiljeve t\u00eb Shk\u00eblqyera Tek Mobileria XONI, krenohemi me historin\u00eb ton\u00eb t\u00eb pasur dhe ekspertiz\u00ebn n\u00eb krijimin e mobiljeve t\u00eb shk\u00eblqyera. Q\u00eb nga themelimi\u00a0 n\u00eb vitin 1995, kemi qen\u00eb t\u00eb p\u00ebrkushtuar n\u00eb ofrimin e mobiljeve t\u00eb shk\u00eblqyera t\u00eb cil\u00ebsis\u00eb m\u00eb t\u00eb lart\u00eb p\u00ebr klient\u00ebt tan\u00eb t\u00eb \u00e7muar. Gjat\u00eb viteve,\u00a0 kemi arritur [&hellip;]","og_url":"https:\/\/mobileriaxoni.com\/en\/rrethnesh\/","og_site_name":"Mobileria XONI","article_publisher":"https:\/\/www.facebook.com\/mobileriaxoni","article_modified_time":"2023-09-11T12:27:41+00:00","og_image":[{"width":1500,"height":1800,"url":"https:\/\/mobileriaxoni.com\/wp-content\/uploads\/2023\/08\/888.png","type":"image\/png"}],"twitter_card":"summary_large_image","twitter_misc":{"Est. reading time":"1 minute"},"schema":{"@context":"https:\/\/schema.org","@graph":[{"@type":"WebPage","@id":"https:\/\/mobileriaxoni.com\/rrethnesh\/","url":"https:\/\/mobileriaxoni.com\/rrethnesh\/","name":"Rreth Nesh - Mobileria XONI","isPartOf":{"@id":"https:\/\/mobileriaxoni.com\/#website"},"primaryImageOfPage":{"@id":"https:\/\/mobileriaxoni.com\/rrethnesh\/#primaryimage"},"image":{"@id":"https:\/\/mobileriaxoni.com\/rrethnesh\/#primaryimage"},"thumbnailUrl":"https:\/\/mobileriaxoni.com\/wp-content\/uploads\/2023\/08\/888.png","datePublished":"2020-05-07T08:35:38+00:00","dateModified":"2023-09-11T12:27:41+00:00","breadcrumb":{"@id":"https:\/\/mobileriaxoni.com\/rrethnesh\/#breadcrumb"},"inLanguage":"en-US","potentialAction":[{"@type":"ReadAction","target":["https:\/\/mobileriaxoni.com\/rrethnesh\/"]}]},{"@type":"ImageObject","inLanguage":"en-US","@id":"https:\/\/mobileriaxoni.com\/rrethnesh\/#primaryimage","url":"https:\/\/mobileriaxoni.com\/wp-content\/uploads\/2023\/08\/888.png","contentUrl":"https:\/\/mobileriaxoni.com\/wp-content\/uploads\/2023\/08\/888.png"},{"@type":"BreadcrumbList","@id":"https:\/\/mobileriaxoni.com\/rrethnesh\/#breadcrumb","itemListElement":[{"@type":"ListItem","position":1,"name":"Home","item":"https:\/\/mobileriaxoni.com\/"},{"@type":"ListItem","position":2,"name":"Rreth Nesh"}]},{"@type":"WebSite","@id":"https:\/\/mobileriaxoni.com\/#website","url":"https:\/\/mobileriaxoni.com\/","name":"Mobileria XONI","description":"mobileri,kuzhina,dhoma gjumi,tavolina buke","publisher":{"@id":"https:\/\/mobileriaxoni.com\/#organization"},"potentialAction":[{"@type":"SearchAction","target":{"@type":"EntryPoint","urlTemplate":"https:\/\/mobileriaxoni.com\/?s={search_term_string}"},"query-input":{"@type":"PropertyValueSpecification","valueRequired":true,"valueName":"search_term_string"}}],"inLanguage":"en-US"},{"@type":"Organization","@id":"https:\/\/mobileriaxoni.com\/#organization","name":"Mobileria XONI","url":"https:\/\/mobileriaxoni.com\/","logo":{"@type":"ImageObject","inLanguage":"en-US","@id":"https:\/\/mobileriaxoni.com\/#\/schema\/logo\/image\/","url":"https:\/\/mobileriaxoni.com\/wp-content\/uploads\/2023\/09\/logo2.png","contentUrl":"https:\/\/mobileriaxoni.com\/wp-content\/uploads\/2023\/09\/logo2.png","width":1733,"height":630,"caption":"Mobileria XONI"},"image":{"@id":"https:\/\/mobileriaxoni.com\/#\/schema\/logo\/image\/"},"sameAs":["https:\/\/www.facebook.com\/mobileriaxoni","https:\/\/www.instagram.com\/mobileriaxoni"]}]}},"_links":{"self":[{"href":"https:\/\/mobileriaxoni.com\/en\/wp-json\/wp\/v2\/pages\/1958","targetHints":{"allow":["GET"]}}],"collection":[{"href":"https:\/\/mobileriaxoni.com\/en\/wp-json\/wp\/v2\/pages"}],"about":[{"href":"https:\/\/mobileriaxoni.com\/en\/wp-json\/wp\/v2\/types\/page"}],"author":[{"embeddable":true,"href":"https:\/\/mobileriaxoni.com\/en\/wp-json\/wp\/v2\/users\/1"}],"replies":[{"embeddable":true,"href":"https:\/\/mobileriaxoni.com\/en\/wp-json\/wp\/v2\/comments?post=1958"}],"version-history":[{"count":25,"href":"https:\/\/mobileriaxoni.com\/en\/wp-json\/wp\/v2\/pages\/1958\/revisions"}],"predecessor-version":[{"id":6777,"href":"https:\/\/mobileriaxoni.com\/en\/wp-json\/wp\/v2\/pages\/1958\/revisions\/6777"}],"wp:attachment":[{"href":"https:\/\/mobileriaxoni.com\/en\/wp-json\/wp\/v2\/media?parent=1958"}],"curies":[{"name":"wp","href":"https:\/\/api.w.org\/{rel}","templated":true}]}}